{"id":241,"date":"2024-04-21T18:32:28","date_gmt":"2024-04-21T18:32:28","guid":{"rendered":"http:\/\/meetgate.ai\/v2\/?page_id=241"},"modified":"2024-08-23T01:00:22","modified_gmt":"2024-08-22T22:00:22","slug":"blog","status":"publish","type":"page","link":"https:\/\/meetgate.ai\/tr\/blog\/","title":{"rendered":"Blog"},"content":{"rendered":"<div data-elementor-type=\"wp-page\" data-elementor-id=\"241\" class=\"elementor elementor-241\" data-elementor-post-type=\"page\">\n\t\t\t\t<div class=\"elementor-element elementor-element-aa327ee e-flex e-con-boxed e-con e-parent\" data-id=\"aa327ee\" data-element_type=\"container\" data-settings=\"{&quot;ekit_has_onepagescroll_dot&quot;:&quot;yes&quot;}\">\n\t\t\t\t\t<div class=\"e-con-inner\">\n\t\t\t\t<div class=\"elementor-element elementor-element-a760a51 ui-e-post-ovf-yes ui-e-apg-classic ui-e-img-anim-zoom elementor-widget elementor-widget-uicore-advanced-post-grid\" data-id=\"a760a51\" data-element_type=\"widget\" data-settings=\"{&quot;masonry&quot;:&quot;no&quot;,&quot;ekit_we_effect_on&quot;:&quot;none&quot;}\" data-widget_type=\"uicore-advanced-post-grid.default\">\n\t\t\t\t<div class=\"elementor-widget-container\">\n\t\t\t        <div class=\"ui-e-adv-grid\">\n                <div class=\"ui-e-post-item\">\n            <article class=\"post-854 post type-post status-publish format-standard has-post-thumbnail hentry category-artificial-intelligence category-human-resources category-uncategorized-en\" >\n                <div class=\"ui-e-post-top\">\n                            <a class=\"ui-e-post-img-wrapp\" href=\"https:\/\/meetgate.ai\/tr\/esitlik-ve-cesitlilik-ise-alim-sureclerinde-adilligin-saglanmasi\/\" title=\"View Post:E\u015fitlik ve \u00c7e\u015fitlilik: \u0130\u015fe Al\u0131m S\u00fcre\u00e7lerinde Adilli\u011fin Sa\u011flanmas\u0131\">\n                        <div class=\"ui-e-post-img\" style=\"background-image:url(https:\/\/meetgate.ai\/wp-content\/uploads\/2024\/05\/meetgate-diversity-ai-people-650x433.jpg)\" ><\/div>\n                    <\/a>\n                                            <\/div>\n                <div class=\"ui-e-post-content\">\n                                                <a href=\"https:\/\/meetgate.ai\/tr\/esitlik-ve-cesitlilik-ise-alim-sureclerinde-adilligin-saglanmasi\/\" title=\"View Post:E\u015fitlik ve \u00c7e\u015fitlilik: \u0130\u015fe Al\u0131m S\u00fcre\u00e7lerinde Adilli\u011fin Sa\u011flanmas\u0131\">\n            <h4 class=\"ui-e-post-title\"><span>E\u015fitlik ve \u00c7e\u015fitlilik: \u0130\u015fe Al\u0131m S\u00fcre\u00e7lerinde Adilli\u011fin Sa\u011flanmas\u0131<\/span><\/h4>\n        <\/a>\n                                                                                                      <\/div>\n            <\/article>\n        <\/div>\n                <div class=\"ui-e-post-item\">\n            <article class=\"post-840 post type-post status-publish format-standard has-post-thumbnail hentry category-artificial-intelligence category-general category-human-resources\" >\n                <div class=\"ui-e-post-top\">\n                            <a class=\"ui-e-post-img-wrapp\" href=\"https:\/\/meetgate.ai\/tr\/ik-da-veriye-dayali-karar-verme-surecinin-onemi\/\" title=\"View Post:\u0130K&#039;da Veriye Dayal\u0131 Karar Vermenin \u00d6nemi\">\n                        <div class=\"ui-e-post-img\" style=\"background-image:url(https:\/\/meetgate.ai\/wp-content\/uploads\/2024\/05\/16801-650x433.jpg)\" ><\/div>\n                    <\/a>\n                                            <\/div>\n                <div class=\"ui-e-post-content\">\n                                                <a href=\"https:\/\/meetgate.ai\/tr\/ik-da-veriye-dayali-karar-verme-surecinin-onemi\/\" title=\"View Post:\u0130K&#039;da Veriye Dayal\u0131 Karar Vermenin \u00d6nemi\">\n            <h4 class=\"ui-e-post-title\"><span>\u0130K'da Veriye Dayal\u0131 Karar Vermenin \u00d6nemi<\/span><\/h4>\n        <\/a>\n                                                                                                      <\/div>\n            <\/article>\n        <\/div>\n                <div class=\"ui-e-post-item\">\n            <article class=\"post-834 post type-post status-publish format-standard has-post-thumbnail hentry category-artificial-intelligence category-general category-human-resources\" >\n                <div class=\"ui-e-post-top\">\n                            <a class=\"ui-e-post-img-wrapp\" href=\"https:\/\/meetgate.ai\/tr\/ise-alimda-onyargilarin-azaltilmasi-yapay-zekanin-rolu\/\" title=\"View Post:\u0130\u015fe Al\u0131mda \u00d6nyarg\u0131lar\u0131n Azalt\u0131lmas\u0131: Yapay Zekan\u0131n Rol\u00fc\">\n                        <div class=\"ui-e-post-img\" style=\"background-image:url(https:\/\/meetgate.ai\/wp-content\/uploads\/2024\/05\/meetgate-interview-reduce-bias-650x433.jpg)\" ><\/div>\n                    <\/a>\n                                            <\/div>\n                <div class=\"ui-e-post-content\">\n                                                <a href=\"https:\/\/meetgate.ai\/tr\/ise-alimda-onyargilarin-azaltilmasi-yapay-zekanin-rolu\/\" title=\"View Post:\u0130\u015fe Al\u0131mda \u00d6nyarg\u0131lar\u0131n Azalt\u0131lmas\u0131: Yapay Zekan\u0131n Rol\u00fc\">\n            <h4 class=\"ui-e-post-title\"><span>\u0130\u015fe Al\u0131mlarda \u00d6nyarg\u0131lar\u0131n Azalt\u0131lmas\u0131: Yapay Zekan\u0131n Rol\u00fc<\/span><\/h4>\n        <\/a>\n                                                                                                      <\/div>\n            <\/article>\n        <\/div>\n                <div class=\"ui-e-post-item\">\n            <article class=\"post-1 post type-post status-publish format-standard has-post-thumbnail hentry category-artificial-intelligence category-general category-human-resources tag-star-interview-technique\" >\n                <div class=\"ui-e-post-top\">\n                            <a class=\"ui-e-post-img-wrapp\" href=\"https:\/\/meetgate.ai\/tr\/insan-kaynaklari-icin-star-mulakat-teknigi-nedir\/\" title=\"View Post:\u0130nsan Kaynaklar\u0131 i\u00e7in STAR M\u00fclakat Tekni\u011fi Nedir?\">\n                        <div class=\"ui-e-post-img\" style=\"background-image:url(https:\/\/meetgate.ai\/wp-content\/uploads\/2024\/03\/star-mulakat-teknigi-650x364.jpg)\" ><\/div>\n                    <\/a>\n                                            <\/div>\n                <div class=\"ui-e-post-content\">\n                                                <a href=\"https:\/\/meetgate.ai\/tr\/insan-kaynaklari-icin-star-mulakat-teknigi-nedir\/\" title=\"View Post:\u0130nsan Kaynaklar\u0131 i\u00e7in STAR M\u00fclakat Tekni\u011fi Nedir?\">\n            <h4 class=\"ui-e-post-title\"><span>\u0130nsan Kaynaklar\u0131 i\u00e7in STAR M\u00fclakat Tekni\u011fi Nedir?<\/span><\/h4>\n        <\/a>\n                                                                                                      <\/div>\n            <\/article>\n        <\/div>\n                <\/div>\n        \t\t<\/div>\n\t\t\t\t<\/div>\n\t\t\t\t\t<\/div>\n\t\t\t\t<\/div>\n\t\t\t\t<\/div>","protected":false},"excerpt":{"rendered":"<p>\u0130nsan Kaynaklar\u0131n\u0131n Gelece\u011fi: Yapay Zekan\u0131n Rol\u00fc G\u00f6r\u00fc\u015fmede Dikkat Edilmesi Gerekenler \u0130nsan Kaynaklar\u0131 i\u00e7in STAR M\u00fclakat Tekni\u011fi Nedir?<\/p>","protected":false},"author":1,"featured_media":0,"parent":0,"menu_order":0,"comment_status":"closed","ping_status":"closed","template":"","meta":{"footnotes":""},"class_list":["post-241","page","type-page","status-publish","hentry"],"yoast_head":"<!-- This site is optimized with the Yoast SEO plugin v25.6 - https:\/\/yoast.com\/wordpress\/plugins\/seo\/ -->\n<title>Blog - Meetgate<\/title>\n<meta name=\"robots\" content=\"index, follow, max-snippet:-1, max-image-preview:large, max-video-preview:-1\" \/>\n<link rel=\"canonical\" href=\"https:\/\/meetgate.ai\/tr\/blog\/\" \/>\n<meta property=\"og:locale\" content=\"tr_TR\" \/>\n<meta property=\"og:type\" content=\"article\" \/>\n<meta property=\"og:title\" content=\"Blog - Meetgate\" \/>\n<meta property=\"og:description\" content=\"The Future of Human Resources: The Role of AI G\u00f6r\u00fc\u015fmede Dikkat Edilmesi Gerekenler What is the STAR Interview Technique for Human Resources?\" \/>\n<meta property=\"og:url\" content=\"https:\/\/meetgate.ai\/tr\/blog\/\" \/>\n<meta property=\"og:site_name\" content=\"Meetgate\" \/>\n<meta property=\"article:modified_time\" content=\"2024-08-22T22:00:22+00:00\" \/>\n<meta name=\"twitter:card\" content=\"summary_large_image\" \/>\n<meta name=\"twitter:label1\" content=\"Tahmini okuma s\u00fcresi\" \/>\n\t<meta name=\"twitter:data1\" content=\"1 dakika\" \/>\n<script type=\"application\/ld+json\" class=\"yoast-schema-graph\">{\"@context\":\"https:\/\/schema.org\",\"@graph\":[{\"@type\":\"WebPage\",\"@id\":\"https:\/\/meetgate.ai\/tr\/blog\/\",\"url\":\"https:\/\/meetgate.ai\/tr\/blog\/\",\"name\":\"Blog - Meetgate\",\"isPartOf\":{\"@id\":\"https:\/\/meetgate.ai\/#website\"},\"datePublished\":\"2024-04-21T18:32:28+00:00\",\"dateModified\":\"2024-08-22T22:00:22+00:00\",\"breadcrumb\":{\"@id\":\"https:\/\/meetgate.ai\/tr\/blog\/#breadcrumb\"},\"inLanguage\":\"tr\",\"potentialAction\":[{\"@type\":\"ReadAction\",\"target\":[\"https:\/\/meetgate.ai\/tr\/blog\/\"]}]},{\"@type\":\"BreadcrumbList\",\"@id\":\"https:\/\/meetgate.ai\/tr\/blog\/#breadcrumb\",\"itemListElement\":[{\"@type\":\"ListItem\",\"position\":1,\"name\":\"Anasayfa\",\"item\":\"https:\/\/meetgate.ai\/\"},{\"@type\":\"ListItem\",\"position\":2,\"name\":\"Blog\"}]},{\"@type\":\"WebSite\",\"@id\":\"https:\/\/meetgate.ai\/#website\",\"url\":\"https:\/\/meetgate.ai\/\",\"name\":\"Meetgate AI\",\"description\":\"Find the Best Fast!\",\"publisher\":{\"@id\":\"https:\/\/meetgate.ai\/#organization\"},\"potentialAction\":[{\"@type\":\"SearchAction\",\"target\":{\"@type\":\"EntryPoint\",\"urlTemplate\":\"https:\/\/meetgate.ai\/?s={search_term_string}\"},\"query-input\":{\"@type\":\"PropertyValueSpecification\",\"valueRequired\":true,\"valueName\":\"search_term_string\"}}],\"inLanguage\":\"tr\"},{\"@type\":\"Organization\",\"@id\":\"https:\/\/meetgate.ai\/#organization\",\"name\":\"Meetgate AI\",\"url\":\"https:\/\/meetgate.ai\/\",\"logo\":{\"@type\":\"ImageObject\",\"inLanguage\":\"tr\",\"@id\":\"https:\/\/meetgate.ai\/#\/schema\/logo\/image\/\",\"url\":\"http:\/\/meetgate.ai\/wp-content\/uploads\/2024\/03\/logo.png\",\"contentUrl\":\"http:\/\/meetgate.ai\/wp-content\/uploads\/2024\/03\/logo.png\",\"width\":1399,\"height\":313,\"caption\":\"Meetgate AI\"},\"image\":{\"@id\":\"https:\/\/meetgate.ai\/#\/schema\/logo\/image\/\"},\"sameAs\":[\"https:\/\/www.instagram.com\/meetgate.ai\",\"https:\/\/linkedin.com\/company\/meetgateai\/\"]}]}<\/script>\n<!-- \/ Yoast SEO plugin. -->","yoast_head_json":{"title":"Blog - Meetgate","robots":{"index":"index","follow":"follow","max-snippet":"max-snippet:-1","max-image-preview":"max-image-preview:large","max-video-preview":"max-video-preview:-1"},"canonical":"https:\/\/meetgate.ai\/tr\/blog\/","og_locale":"tr_TR","og_type":"article","og_title":"Blog - Meetgate","og_description":"The Future of Human Resources: The Role of AI G\u00f6r\u00fc\u015fmede Dikkat Edilmesi Gerekenler What is the STAR Interview Technique for Human Resources?","og_url":"https:\/\/meetgate.ai\/tr\/blog\/","og_site_name":"Meetgate","article_modified_time":"2024-08-22T22:00:22+00:00","twitter_card":"summary_large_image","twitter_misc":{"Tahmini okuma s\u00fcresi":"1 dakika"},"schema":{"@context":"https:\/\/schema.org","@graph":[{"@type":"WebPage","@id":"https:\/\/meetgate.ai\/tr\/blog\/","url":"https:\/\/meetgate.ai\/tr\/blog\/","name":"Blog - Meetgate","isPartOf":{"@id":"https:\/\/meetgate.ai\/#website"},"datePublished":"2024-04-21T18:32:28+00:00","dateModified":"2024-08-22T22:00:22+00:00","breadcrumb":{"@id":"https:\/\/meetgate.ai\/tr\/blog\/#breadcrumb"},"inLanguage":"tr","potentialAction":[{"@type":"ReadAction","target":["https:\/\/meetgate.ai\/tr\/blog\/"]}]},{"@type":"BreadcrumbList","@id":"https:\/\/meetgate.ai\/tr\/blog\/#breadcrumb","itemListElement":[{"@type":"ListItem","position":1,"name":"Anasayfa","item":"https:\/\/meetgate.ai\/"},{"@type":"ListItem","position":2,"name":"Blog"}]},{"@type":"WebSite","@id":"https:\/\/meetgate.ai\/#website","url":"https:\/\/meetgate.ai\/","name":"Meetgate AI","description":"Find the Best Fast!","publisher":{"@id":"https:\/\/meetgate.ai\/#organization"},"potentialAction":[{"@type":"SearchAction","target":{"@type":"EntryPoint","urlTemplate":"https:\/\/meetgate.ai\/?s={search_term_string}"},"query-input":{"@type":"PropertyValueSpecification","valueRequired":true,"valueName":"search_term_string"}}],"inLanguage":"tr"},{"@type":"Organization","@id":"https:\/\/meetgate.ai\/#organization","name":"Meetgate AI","url":"https:\/\/meetgate.ai\/","logo":{"@type":"ImageObject","inLanguage":"tr","@id":"https:\/\/meetgate.ai\/#\/schema\/logo\/image\/","url":"http:\/\/meetgate.ai\/wp-content\/uploads\/2024\/03\/logo.png","contentUrl":"http:\/\/meetgate.ai\/wp-content\/uploads\/2024\/03\/logo.png","width":1399,"height":313,"caption":"Meetgate AI"},"image":{"@id":"https:\/\/meetgate.ai\/#\/schema\/logo\/image\/"},"sameAs":["https:\/\/www.instagram.com\/meetgate.ai","https:\/\/linkedin.com\/company\/meetgateai\/"]}]}},"_links":{"self":[{"href":"https:\/\/meetgate.ai\/tr\/wp-json\/wp\/v2\/pages\/241","targetHints":{"allow":["GET"]}}],"collection":[{"href":"https:\/\/meetgate.ai\/tr\/wp-json\/wp\/v2\/pages"}],"about":[{"href":"https:\/\/meetgate.ai\/tr\/wp-json\/wp\/v2\/types\/page"}],"author":[{"embeddable":true,"href":"https:\/\/meetgate.ai\/tr\/wp-json\/wp\/v2\/users\/1"}],"replies":[{"embeddable":true,"href":"https:\/\/meetgate.ai\/tr\/wp-json\/wp\/v2\/comments?post=241"}],"version-history":[{"count":22,"href":"https:\/\/meetgate.ai\/tr\/wp-json\/wp\/v2\/pages\/241\/revisions"}],"predecessor-version":[{"id":683,"href":"https:\/\/meetgate.ai\/tr\/wp-json\/wp\/v2\/pages\/241\/revisions\/683"}],"wp:attachment":[{"href":"https:\/\/meetgate.ai\/tr\/wp-json\/wp\/v2\/media?parent=241"}],"curies":[{"name":"wp","href":"https:\/\/api.w.org\/{rel}","templated":true}]}}