{"id":651,"date":"2024-05-06T20:28:16","date_gmt":"2024-05-06T20:28:16","guid":{"rendered":"http:\/\/meetgate.ai\/?page_id=651"},"modified":"2025-03-10T13:47:54","modified_gmt":"2025-03-10T10:47:54","slug":"privacy-policy","status":"publish","type":"page","link":"https:\/\/meetgate.ai\/tr\/gizlilik-politikasi\/","title":{"rendered":"Gizlilik Politikas\u0131"},"content":{"rendered":"<p>Son g\u00fcncelleme: 03\/05\/2024<\/p>\n\n\n\n<p>G\u00fcvenli\u011finiz bizim i\u00e7in \u00f6nemlidir. Bu nedenle bizimle payla\u015ft\u0131\u011f\u0131n\u0131z ki\u015fisel veriler hassasiyetle korunmaktad\u0131r.<\/p>\n\n\n\n<p>Biz, MEANTECH B\u0130L\u0130\u015e\u0130M VE YAZILIM TEKNOLOJ\u0130LER\u0130 DANI\u015eMANLIK T\u0130C. A\u015e. (MEETGATE) olarak, i\u015fbu gizlilik ve ki\u015fisel verilerin korunmas\u0131 politikas\u0131 ile veri sorumlusu s\u0131fat\u0131yla, hangi ki\u015fisel verilerinizin hangi ama\u00e7la i\u015flenece\u011fi, i\u015flenen verilerin kimlerle ve hangi ama\u00e7la payla\u015f\u0131labilece\u011fi, veri i\u015fleme y\u00f6ntemimiz ve hukuki sebepleri; i\u015flenen verilerinize ili\u015fkin haklar\u0131n\u0131z\u0131n neler oldu\u011fu konular\u0131nda sizleri ayd\u0131nlatmay\u0131 ama\u00e7lamaktay\u0131z.<\/p>\n\n\n\n<h2 class=\"wp-block-heading\" id=\"toplanan-kisisel-verileriniz-toplanma-yoentemi-ve-hukuki-sebebi\">Toplanan Ki\u015fisel Verileriniz, Toplanma Y\u00f6ntemi ve Hukuki Sebebi<\/h2>\n\n\n\n<p>IP adresiniz ve kullan\u0131c\u0131 arac\u0131s\u0131 bilgileriniz sadece analiz ama\u00e7l\u0131 ve \u00e7erez vb. Teknolojiler, otomatik veya otomatik olmayan y\u00f6ntemlerle ve bazen de analitik sa\u011flay\u0131c\u0131lar, reklam a\u011flar\u0131, arama bilgisi sa\u011flay\u0131c\u0131lar\u0131, teknoloji sa\u011flay\u0131c\u0131lar\u0131 gibi \u00fc\u00e7\u00fcnc\u00fc ki\u015filerden elde edilerek, kaydedilerek, saklanarak ve g\u00fcncellenerek aram\u0131zdaki hizmet ve s\u00f6zle\u015fme ili\u015fkisi \u00e7er\u00e7evesinde ve s\u00fcresince me\u015fru menfaat i\u015fleme temelinde i\u015flenecektir. .<\/p>\n\n\n\n<h2 class=\"wp-block-heading\" id=\"kisisel-verilerinizin-islenme-amaci\">Ki\u015fisel Verilerinizin \u0130\u015flenme Amac\u0131<\/h2>\n\n\n\n<p>Bizimle payla\u015ft\u0131\u011f\u0131n\u0131z ki\u015fisel veriler yaln\u0131zca analiz yoluyla; sundu\u011fumuz hizmetlerin gereklerini en iyi \u015fekilde yerine getirebilmek, bu hizmetlere taraf\u0131n\u0131zca azami d\u00fczeyde eri\u015filebilmesini ve yararlan\u0131labilmesini sa\u011flamak, hizmetlerimizi ihtiya\u00e7lar\u0131n\u0131z do\u011frultusunda geli\u015ftirebilmek ve yasal \u00e7er\u00e7eveler dahilinde sizleri daha kapsaml\u0131 hizmet sa\u011flay\u0131c\u0131larla bulu\u015fturabilmek ve kanundan do\u011fan y\u00fck\u00fcml\u00fcl\u00fcklere uymak (ki\u015fisel veriler talep halinde adli ve idari makamlarla payla\u015f\u0131labilecektir) amac\u0131yla s\u00f6zle\u015fme ve hizmet s\u00fcresi boyunca amac\u0131na uygun ve \u00f6l\u00e7\u00fcl\u00fc bir \u015fekilde i\u015flenecek ve g\u00fcncellenecektir.<\/p>\n\n\n\n<h2 class=\"wp-block-heading\" id=\"toplanan-kisisel-verilerin-kimlere-ve-hangi-amaclarla-aktarilabilecegi\">Toplanan ki\u015fisel verilerin kimlere ve hangi ama\u00e7larla aktar\u0131labilece\u011fi<\/h2>\n\n\n\n<p>Bizimle payla\u015ft\u0131\u011f\u0131n\u0131z ki\u015fisel verileriniz; faaliyetlerimizi y\u00fcr\u00fctmek \u00fczere hizmet ald\u0131\u011f\u0131m\u0131z ve\/veya verdi\u011fimiz, s\u00f6zle\u015fme ili\u015fkisi i\u00e7inde oldu\u011fumuz ve i\u015fbirli\u011fi yapt\u0131\u011f\u0131m\u0131z yurti\u00e7i ve yurtd\u0131\u015f\u0131 \u00fc\u00e7\u00fcnc\u00fc ki\u015filere, kurum ve kurulu\u015flara ve talep halinde adli ve idari makamlara gerekli teknik ve idari tedbirlerin al\u0131nmas\u0131 kayd\u0131yla aktar\u0131labilecektir.<\/p>\n\n\n\n<h2 class=\"wp-block-heading\" id=\"kisisel-verileri-islenen-kisi-olarak-haklariniz\">Ki\u015fisel Verisi \u0130\u015flenen Ki\u015fi Olarak Haklar\u0131n\u0131z<\/h2>\n\n\n\n<p>KVKK'n\u0131n 11. maddesi uyar\u0131nca herkes, veri sorumlusuna ba\u015fvurarak a\u015fa\u011f\u0131daki haklar\u0131n\u0131 kullanabilir:<\/p>\n\n\n\n<ul class=\"wp-block-list\">\n<li>Ki\u015fisel veri i\u015flenip i\u015flenmedi\u011fini \u00f6\u011frenme,<\/li>\n\n\n\n<li>Ki\u015fisel verileri i\u015flenmi\u015fse buna ili\u015fkin bilgi talep etme,<\/li>\n\n\n\n<li>Ki\u015fisel verilerin i\u015flenme amac\u0131n\u0131 ve bunlar\u0131n amac\u0131na uygun kullan\u0131l\u0131p kullan\u0131lmad\u0131\u011f\u0131n\u0131 \u00f6\u011frenme,<\/li>\n\n\n\n<li>Yurt i\u00e7inde veya yurt d\u0131\u015f\u0131nda ki\u015fisel verilerin aktar\u0131ld\u0131\u011f\u0131 \u00fc\u00e7\u00fcnc\u00fc ki\u015fileri bilme,<\/li>\n\n\n\n<li>Ki\u015fisel verilerin eksik veya yanl\u0131\u015f i\u015flenmi\u015f olmas\u0131 h\u00e2linde bunlar\u0131n d\u00fczeltilmesini isteme,<\/li>\n\n\n\n<li>Ki\u015fisel verilerin silinmesini veya yok edilmesini isteme,<\/li>\n\n\n\n<li>(e) ve (f) bentleri uyar\u0131nca yap\u0131lan i\u015flemlerin, ki\u015fisel verilerin aktar\u0131ld\u0131\u011f\u0131 \u00fc\u00e7\u00fcnc\u00fc ki\u015filere bildirilmesini isteme,<\/li>\n\n\n\n<li>\u0130\u015flenen verilerin m\u00fcnhas\u0131ran otomatik sistemler vas\u0131tas\u0131yla analiz edilmesi suretiyle ki\u015finin kendisi aleyhine bir sonucun ortaya \u00e7\u0131kmas\u0131na itiraz etme,<\/li>\n\n\n\n<li>Ki\u015fisel verilerin kanuna ayk\u0131r\u0131 olarak i\u015flenmesi sebebiyle zarara u\u011framas\u0131 h\u00e2linde zarar\u0131n giderilmesini talep etme hakk\u0131na sahiptir.<\/li>\n<\/ul>\n\n\n\n<p>Yukar\u0131da listelenen haklar\u0131n\u0131z\u0131 kullanmak i\u00e7in info@meetgate.ai adresinden bizimle ileti\u015fime ge\u00e7ebilirsiniz.<\/p>\n\n\n\n<h2 class=\"wp-block-heading\" id=\"iletisim\">\u0130leti\u015fim<\/h2>\n\n\n\n<p>Size hizmet sunmak amac\u0131yla analizler ger\u00e7ekle\u015ftirmek i\u00e7in sadece gerekli ki\u015fisel verilerinizin bu gizlilik ve ki\u015fisel veri i\u015fleme politikas\u0131na uygun olarak i\u015flenmesini kabul etmekte veya reddetmekte tamamen \u00f6zg\u00fcrs\u00fcn\u00fcz. Siteyi kullanmaya devam etmeniz halinde bunu kabul etti\u011finizi varsayaca\u011f\u0131z. Daha detayl\u0131 bilgi i\u00e7in l\u00fctfen info@meetgate.ai adresinden e-posta yoluyla bizimle ileti\u015fime ge\u00e7mekten \u00e7ekinmeyiniz.<\/p>\n\n\n\n<p>MEETGATE TEKNOLOJI\u0307 A\u015e.<br>Ayaza\u011fa Mah. Vadi \u0130stanbul Park 7A Blok No: 7B \u0130\u00e7 Kap\u0131 No: 4<br>Sar\u0131yer\/\u0130stanbul<\/p>","protected":false},"excerpt":{"rendered":"<p>Son g\u00fcncelleme: 03\/05\/2024 G\u00fcvenli\u011finiz bizim i\u00e7in \u00f6nemlidir. Bu nedenle bizimle payla\u015ft\u0131\u011f\u0131n\u0131z ki\u015fisel veriler hassasiyetle korunmaktad\u0131r. [...]<\/p>","protected":false},"author":2,"featured_media":0,"parent":0,"menu_order":0,"comment_status":"closed","ping_status":"closed","template":"","meta":{"footnotes":""},"class_list":["post-651","page","type-page","status-publish","hentry"],"yoast_head":"<!-- This site is optimized with the Yoast SEO plugin v25.6 - https:\/\/yoast.com\/wordpress\/plugins\/seo\/ -->\n<title>Privacy Policy - Meetgate<\/title>\n<meta name=\"robots\" content=\"index, follow, max-snippet:-1, max-image-preview:large, max-video-preview:-1\" \/>\n<link rel=\"canonical\" href=\"https:\/\/meetgate.ai\/tr\/gizlilik-politikasi\/\" \/>\n<meta property=\"og:locale\" content=\"tr_TR\" \/>\n<meta property=\"og:type\" content=\"article\" \/>\n<meta property=\"og:title\" content=\"Privacy Policy - Meetgate\" \/>\n<meta property=\"og:description\" content=\"Last update: 03\/05\/2024 Your safety is important to us. For this reason, the personal data you share with us is protected sensitively. [&hellip;]\" \/>\n<meta property=\"og:url\" content=\"https:\/\/meetgate.ai\/tr\/gizlilik-politikasi\/\" \/>\n<meta property=\"og:site_name\" content=\"Meetgate\" \/>\n<meta property=\"article:modified_time\" content=\"2025-03-10T10:47:54+00:00\" \/>\n<meta name=\"twitter:card\" content=\"summary_large_image\" \/>\n<meta name=\"twitter:label1\" content=\"Tahmini okuma s\u00fcresi\" \/>\n\t<meta name=\"twitter:data1\" content=\"3 dakika\" \/>\n<script type=\"application\/ld+json\" class=\"yoast-schema-graph\">{\"@context\":\"https:\/\/schema.org\",\"@graph\":[{\"@type\":\"WebPage\",\"@id\":\"https:\/\/meetgate.ai\/tr\/gizlilik-politikasi\/\",\"url\":\"https:\/\/meetgate.ai\/tr\/gizlilik-politikasi\/\",\"name\":\"Privacy Policy - Meetgate\",\"isPartOf\":{\"@id\":\"https:\/\/meetgate.ai\/#website\"},\"datePublished\":\"2024-05-06T20:28:16+00:00\",\"dateModified\":\"2025-03-10T10:47:54+00:00\",\"breadcrumb\":{\"@id\":\"https:\/\/meetgate.ai\/tr\/gizlilik-politikasi\/#breadcrumb\"},\"inLanguage\":\"tr\",\"potentialAction\":[{\"@type\":\"ReadAction\",\"target\":[\"https:\/\/meetgate.ai\/tr\/gizlilik-politikasi\/\"]}]},{\"@type\":\"BreadcrumbList\",\"@id\":\"https:\/\/meetgate.ai\/tr\/gizlilik-politikasi\/#breadcrumb\",\"itemListElement\":[{\"@type\":\"ListItem\",\"position\":1,\"name\":\"Anasayfa\",\"item\":\"https:\/\/meetgate.ai\/\"},{\"@type\":\"ListItem\",\"position\":2,\"name\":\"Privacy Policy\"}]},{\"@type\":\"WebSite\",\"@id\":\"https:\/\/meetgate.ai\/#website\",\"url\":\"https:\/\/meetgate.ai\/\",\"name\":\"Meetgate AI\",\"description\":\"Find the Best Fast!\",\"publisher\":{\"@id\":\"https:\/\/meetgate.ai\/#organization\"},\"potentialAction\":[{\"@type\":\"SearchAction\",\"target\":{\"@type\":\"EntryPoint\",\"urlTemplate\":\"https:\/\/meetgate.ai\/?s={search_term_string}\"},\"query-input\":{\"@type\":\"PropertyValueSpecification\",\"valueRequired\":true,\"valueName\":\"search_term_string\"}}],\"inLanguage\":\"tr\"},{\"@type\":\"Organization\",\"@id\":\"https:\/\/meetgate.ai\/#organization\",\"name\":\"Meetgate AI\",\"url\":\"https:\/\/meetgate.ai\/\",\"logo\":{\"@type\":\"ImageObject\",\"inLanguage\":\"tr\",\"@id\":\"https:\/\/meetgate.ai\/#\/schema\/logo\/image\/\",\"url\":\"http:\/\/meetgate.ai\/wp-content\/uploads\/2024\/03\/logo.png\",\"contentUrl\":\"http:\/\/meetgate.ai\/wp-content\/uploads\/2024\/03\/logo.png\",\"width\":1399,\"height\":313,\"caption\":\"Meetgate AI\"},\"image\":{\"@id\":\"https:\/\/meetgate.ai\/#\/schema\/logo\/image\/\"},\"sameAs\":[\"https:\/\/www.instagram.com\/meetgate.ai\",\"https:\/\/linkedin.com\/company\/meetgateai\/\"]}]}<\/script>\n<!-- \/ Yoast SEO plugin. -->","yoast_head_json":{"title":"Privacy Policy - Meetgate","robots":{"index":"index","follow":"follow","max-snippet":"max-snippet:-1","max-image-preview":"max-image-preview:large","max-video-preview":"max-video-preview:-1"},"canonical":"https:\/\/meetgate.ai\/tr\/gizlilik-politikasi\/","og_locale":"tr_TR","og_type":"article","og_title":"Privacy Policy - Meetgate","og_description":"Last update: 03\/05\/2024 Your safety is important to us. For this reason, the personal data you share with us is protected sensitively. [&hellip;]","og_url":"https:\/\/meetgate.ai\/tr\/gizlilik-politikasi\/","og_site_name":"Meetgate","article_modified_time":"2025-03-10T10:47:54+00:00","twitter_card":"summary_large_image","twitter_misc":{"Tahmini okuma s\u00fcresi":"3 dakika"},"schema":{"@context":"https:\/\/schema.org","@graph":[{"@type":"WebPage","@id":"https:\/\/meetgate.ai\/tr\/gizlilik-politikasi\/","url":"https:\/\/meetgate.ai\/tr\/gizlilik-politikasi\/","name":"Privacy Policy - Meetgate","isPartOf":{"@id":"https:\/\/meetgate.ai\/#website"},"datePublished":"2024-05-06T20:28:16+00:00","dateModified":"2025-03-10T10:47:54+00:00","breadcrumb":{"@id":"https:\/\/meetgate.ai\/tr\/gizlilik-politikasi\/#breadcrumb"},"inLanguage":"tr","potentialAction":[{"@type":"ReadAction","target":["https:\/\/meetgate.ai\/tr\/gizlilik-politikasi\/"]}]},{"@type":"BreadcrumbList","@id":"https:\/\/meetgate.ai\/tr\/gizlilik-politikasi\/#breadcrumb","itemListElement":[{"@type":"ListItem","position":1,"name":"Anasayfa","item":"https:\/\/meetgate.ai\/"},{"@type":"ListItem","position":2,"name":"Privacy Policy"}]},{"@type":"WebSite","@id":"https:\/\/meetgate.ai\/#website","url":"https:\/\/meetgate.ai\/","name":"Meetgate AI","description":"Find the Best Fast!","publisher":{"@id":"https:\/\/meetgate.ai\/#organization"},"potentialAction":[{"@type":"SearchAction","target":{"@type":"EntryPoint","urlTemplate":"https:\/\/meetgate.ai\/?s={search_term_string}"},"query-input":{"@type":"PropertyValueSpecification","valueRequired":true,"valueName":"search_term_string"}}],"inLanguage":"tr"},{"@type":"Organization","@id":"https:\/\/meetgate.ai\/#organization","name":"Meetgate AI","url":"https:\/\/meetgate.ai\/","logo":{"@type":"ImageObject","inLanguage":"tr","@id":"https:\/\/meetgate.ai\/#\/schema\/logo\/image\/","url":"http:\/\/meetgate.ai\/wp-content\/uploads\/2024\/03\/logo.png","contentUrl":"http:\/\/meetgate.ai\/wp-content\/uploads\/2024\/03\/logo.png","width":1399,"height":313,"caption":"Meetgate AI"},"image":{"@id":"https:\/\/meetgate.ai\/#\/schema\/logo\/image\/"},"sameAs":["https:\/\/www.instagram.com\/meetgate.ai","https:\/\/linkedin.com\/company\/meetgateai\/"]}]}},"_links":{"self":[{"href":"https:\/\/meetgate.ai\/tr\/wp-json\/wp\/v2\/pages\/651","targetHints":{"allow":["GET"]}}],"collection":[{"href":"https:\/\/meetgate.ai\/tr\/wp-json\/wp\/v2\/pages"}],"about":[{"href":"https:\/\/meetgate.ai\/tr\/wp-json\/wp\/v2\/types\/page"}],"author":[{"embeddable":true,"href":"https:\/\/meetgate.ai\/tr\/wp-json\/wp\/v2\/users\/2"}],"replies":[{"embeddable":true,"href":"https:\/\/meetgate.ai\/tr\/wp-json\/wp\/v2\/comments?post=651"}],"version-history":[{"count":4,"href":"https:\/\/meetgate.ai\/tr\/wp-json\/wp\/v2\/pages\/651\/revisions"}],"predecessor-version":[{"id":1355,"href":"https:\/\/meetgate.ai\/tr\/wp-json\/wp\/v2\/pages\/651\/revisions\/1355"}],"wp:attachment":[{"href":"https:\/\/meetgate.ai\/tr\/wp-json\/wp\/v2\/media?parent=651"}],"curies":[{"name":"wp","href":"https:\/\/api.w.org\/{rel}","templated":true}]}}