{"id":654,"date":"2024-05-06T20:34:59","date_gmt":"2024-05-06T20:34:59","guid":{"rendered":"http:\/\/meetgate.ai\/?page_id=654"},"modified":"2024-05-06T20:49:45","modified_gmt":"2024-05-06T20:49:45","slug":"cookie-policy","status":"publish","type":"page","link":"https:\/\/meetgate.ai\/tr\/cerez-politikasi\/","title":{"rendered":"\u00c7erez Politikas\u0131"},"content":{"rendered":"<p>Bu politika https\/\/meetgate.ai web sitesini ziyaret eden kullan\u0131c\u0131lar\u0131 \u00e7erez kullan\u0131m ilkelerimiz hakk\u0131nda bilgilendirmek amac\u0131yla haz\u0131rlanm\u0131\u015ft\u0131r.<\/p>\n\n\n\n<p><strong>KURABIYE NEDIR?<\/strong><\/p>\n\n\n\n<p>Web sitelerinin cihazlar\u0131n\u0131za kaydetti\u011fi ve kullan\u0131c\u0131lar\u0131 tan\u0131mlamak i\u00e7in kullan\u0131lan k\u00fc\u00e7\u00fck boyutlu veri dosyalar\u0131d\u0131r. \u00c7erezler, web siteleri taraf\u0131ndan kullan\u0131c\u0131lar\u0131 tan\u0131mlamak ve onlara \u00f6zel hizmetler sunmak i\u00e7in kullan\u0131l\u0131r.<\/p>\n\n\n\n<p><strong>MEETGATE \u00c7EREZ KULLANIMI<\/strong><\/p>\n\n\n\n<p>Meetgate web sitesi kullan\u0131c\u0131lara en iyi deneyimi sunmak i\u00e7in \u00e7erezleri kullan\u0131r.<\/p>\n\n\n\n<p><strong>Ne T\u00fcr \u00c7erezler Kullan\u0131yoruz?<\/strong><\/p>\n\n\n\n<ul class=\"wp-block-list\">\n<li>Web sitesinin \u00e7al\u0131\u015fmas\u0131 i\u00e7in gerekli \u00e7erezler (Oturum \u00c7erezleri)<\/li>\n\n\n\n<li>Kullan\u0131c\u0131 deneyimini geli\u015ftirmemizi sa\u011flayan \u00e7erezler (\u0130\u015flevsel \u00c7erezler)<\/li>\n\n\n\n<li>Performans \u00e7erezleri (Performance and Statistics Cookies) web sitemizdeki i\u00e7eri\u011fin kullan\u0131c\u0131lar taraf\u0131ndan nas\u0131l ve ne s\u0131kl\u0131kla kullan\u0131ld\u0131\u011f\u0131n\u0131 anlamak, analiz etmek ve sunulan i\u00e7eri\u011fi iyile\u015ftirmek i\u00e7in kullan\u0131l\u0131r.<\/li>\n\n\n\n<li>Sosyal medya odakl\u0131 \u00e7erezler (\u00dc\u00e7\u00fcnc\u00fc Taraf \u00c7erezleri)<\/li>\n<\/ul>\n\n\n\n<figure class=\"wp-block-table\"><table><tbody><tr><td><strong>\u00c7erez Sa\u011flay\u0131c\u0131<\/strong><\/td><td><strong>\u00c7erez Ad\u0131<\/strong><\/td><td><strong>\u00c7erez Hedefi<\/strong><\/td><td><strong>\u00c7erezlerin Taray\u0131c\u0131da Tutuldu\u011fu S\u00fcre<\/strong><\/td><td><strong>\u00c7erez T\u00fcr\u00fc<\/strong><\/td><\/tr><tr><td>meetgate.ai<\/td><td>_cookie_meetgate_ai_%2F_wlf<\/td><td>Ziyaret\u00e7ileri kurumumuzun di\u011fer uygulamalar\u0131 aras\u0131nda ay\u0131rt etmek i\u00e7in kullan\u0131lan bir \u00e7erezdir.<\/td><td>G\u00fcncel Oturum<\/td><td>Oturum \u00c7erezi<\/td><\/tr><tr><td>meetgate.ai<\/td><td>4141sd34<\/td><td>Kullan\u0131c\u0131n\u0131n siteyi kullanmak i\u00e7in se\u00e7mi\u015f oldu\u011fu dil ayar\u0131n\u0131 tutmak i\u00e7in kullan\u0131lan bir \u00e7erezdir.<\/td><td>G\u00fcncel Oturum<\/td><td>Performans ve \u0130statistik \u00c7erezi, \u00dc\u00e7\u00fcnc\u00fc Taraf \u00c7erezleri<\/td><\/tr><tr><td>Google Analytics<\/td><td>_ga<\/td><td>Ziyaret\u00e7ilerin siteyi nas\u0131l kulland\u0131\u011f\u0131 hakk\u0131nda istatistiksel veri olu\u015fturmak amac\u0131yla kullan\u0131c\u0131lar\u0131 ay\u0131rt etmek i\u00e7in kullan\u0131lan bir \u00e7erezdir.<\/td><td>2 Y\u0131l<\/td><td>Performans ve \u0130statistik \u00c7erezi, \u00dc\u00e7\u00fcnc\u00fc Taraf \u00c7erezleri<\/td><\/tr><tr><td>Google Analytics<\/td><td>_gid<\/td><td>Kullan\u0131c\u0131lar\u0131 ay\u0131rt etmek i\u00e7in kullan\u0131lan bir \u00e7erezdir.<\/td><td>24 Saat<\/td><td>Performans ve \u0130statistik \u00c7erezi, \u00dc\u00e7\u00fcnc\u00fc Taraf \u00c7erezleri<\/td><\/tr><tr><td>Twitter<\/td><td>ct0<\/td><td>Web sitesinde tweetlerin g\u00f6r\u00fcnt\u00fclenmesine, y\u00f6nlendirme ba\u011flant\u0131lar\u0131n\u0131n izlenmesine, Twitter kullan\u0131c\u0131lar\u0131n\u0131n belirlenmesine ve Twitter platformu hakk\u0131nda veri toplanmas\u0131na yard\u0131mc\u0131 olur.<\/td><td>30 G\u00fcn<\/td><td>\u00dc\u00e7\u00fcnc\u00fc Taraf \u00c7erezleri<\/td><\/tr><tr><td>Twitter<\/td><td>eu_cn<\/td><td>Hangi sayfalar\u0131n g\u00f6r\u00fcnt\u00fclendi\u011fini hat\u0131rlayan \u00e7erezdir.<\/td><td>1 Y\u0131l<\/td><td>\u00dc\u00e7\u00fcnc\u00fc Taraf \u00c7erezleri<\/td><\/tr><tr><td>Twitter<\/td><td>guest_id<\/td><td>Ziyaret\u00e7iyi tan\u0131mlamak i\u00e7in kullan\u0131lan bir \u00e7erezdir.<\/td><td>2 Y\u0131l<\/td><td>\u00dc\u00e7\u00fcnc\u00fc Taraf \u00c7erezleri<\/td><\/tr><tr><td>Twitter<\/td><td>personalization_id<\/td><td>Ziyaret\u00e7inin web sitesini nas\u0131l kulland\u0131\u011f\u0131 ve web sitesini ziyaret etmeden \u00f6nce g\u00f6rm\u00fc\u015f olabilece\u011fi reklamlar hakk\u0131nda bilgi sa\u011flayan bir \u00e7erezdir.<\/td><td>2 Y\u0131l<\/td><td>\u00dc\u00e7\u00fcnc\u00fc Taraf \u00c7erezleri<\/td><\/tr><\/tbody><\/table><\/figure>\n\n\n\n<p><strong>\u00c7EREZ Y\u00d6NETIMI<\/strong><\/p>\n\n\n\n<p>\u0130nternet sitemize eri\u015fim sa\u011flad\u0131\u011f\u0131n\u0131z cihazda \u00e7erez tutulmas\u0131n\u0131 istemiyorsan\u0131z, taray\u0131c\u0131 ayarlar\u0131n\u0131z \u00fczerinden \u00e7erez kullan\u0131m\u0131n\u0131 engelleyebilir, s\u0131n\u0131rland\u0131rabilir ve silebilirsiniz. Bu tercihleri daha sonra de\u011fi\u015ftirmeniz de m\u00fcmk\u00fcnd\u00fcr.<\/p>\n\n\n\n<p>Web sitemize farkl\u0131 cihazlardan eri\u015fiyorsan\u0131z, eri\u015fim sa\u011flad\u0131\u011f\u0131n\u0131z her cihaz ve taray\u0131c\u0131daki \u00e7erez kullan\u0131m ayarlar\u0131n\u0131 tercihleriniz do\u011frultusunda a\u015fa\u011f\u0131daki ba\u011flant\u0131lar arac\u0131l\u0131\u011f\u0131yla d\u00fczenleyebilirsiniz.<\/p>\n\n\n\n<figure class=\"wp-block-table\"><table><tbody><tr><td>Google Analytics<\/td><td><a href=\"https:\/\/tools.google.com\/dlpage\/gaoptout\" target=\"_blank\" rel=\"noreferrer noopener\">https:\/\/tools.google.com\/dlpage\/gaoptout<\/a><\/td><\/tr><tr><td>Google Chrome<\/td><td><a href=\"https:\/\/support.google.com\/accounts\/answer\/61416?co=GENIE.Platform%3DDesktop&amp;hl=tr\" target=\"_blank\" rel=\"noreferrer noopener\">https:\/\/support.google.com\/accounts\/answer\/61416?co=GENIE.Platform%3DDesktop&amp;hl=tr<\/a><\/td><\/tr><tr><td>Internet Explorer<\/td><td><a href=\"https:\/\/support.microsoft.com\/tr-tr\/help\/17442\/windows-internet-explorer-delete-manage-cookies\" target=\"_blank\" rel=\"noreferrer noopener\">https:\/\/support.microsoft.com\/tr-tr\/help\/17442\/windows-internet-explorer-delete-manage-cookies<\/a><\/td><\/tr><tr><td>Mozilla Firefox<\/td><td><a href=\"https:\/\/support.mozilla.org\/tr\/kb\/cerezleri-silme-web-sitelerinin-bilgilerini-kaldirma\" target=\"_blank\" rel=\"noreferrer noopener\">https:\/\/support.mozilla.org\/tr\/kb\/cerezleri-silme-web-sitelerinin-bilgilerini-kaldirma<\/a><\/td><\/tr><tr><td>Opera<\/td><td><a href=\"https:\/\/help.opera.com\/en\/latest\/web-preferences\/\" target=\"_blank\" rel=\"noreferrer noopener\">https:\/\/help.opera.com\/en\/latest\/web-preferences\/<\/a><\/td><\/tr><tr><td>Safari<\/td><td><a href=\"https:\/\/support.apple.com\/tr-tr\/HT201265\" target=\"_blank\" rel=\"noreferrer noopener\">https:\/\/support.apple.com\/tr-tr\/HT201265<\/a><a href=\"https:\/\/support.apple.com\/tr-tr\/guide\/safari\/sfri11471\/mac\" target=\"_blank\" rel=\"noreferrer noopener\">https:\/\/support.apple.com\/tr-tr\/guide\/safari\/sfri11471\/mac<\/a><\/td><\/tr><\/tbody><\/table><\/figure>\n\n\n\n<p>MEANTECH BI\u0307LI\u0307\u015eI\u0307M VE YAZILIM TEKNOLOJI\u0307LERI\u0307 DANI\u015eMANLIK TI\u0307C. A\u015e.<br>Y\u0131ld\u0131z Teknik \u00dcniversitesi Davutpa\u015fa Kamp\u00fcs\u00fc Teknopark A2 Blok 151\/B No:101, 34220<br>Esenler\/\u0130stanbul<\/p>","protected":false},"excerpt":{"rendered":"<p>Bu politika https\/\/meetgate.ai web sitesini ziyaret eden kullan\u0131c\u0131lar\u0131 \u00e7erez kullan\u0131m ilkelerimiz hakk\u0131nda bilgilendirmek amac\u0131yla haz\u0131rlanm\u0131\u015ft\u0131r. \u00c7EREZ NEDI\u0307R? [...]<\/p>","protected":false},"author":2,"featured_media":0,"parent":0,"menu_order":0,"comment_status":"closed","ping_status":"closed","template":"","meta":{"footnotes":""},"class_list":["post-654","page","type-page","status-publish","hentry"],"yoast_head":"<!-- This site is optimized with the Yoast SEO plugin v25.6 - https:\/\/yoast.com\/wordpress\/plugins\/seo\/ -->\n<title>Cookie Policy - Meetgate<\/title>\n<meta name=\"robots\" content=\"index, follow, max-snippet:-1, max-image-preview:large, max-video-preview:-1\" \/>\n<link rel=\"canonical\" href=\"https:\/\/meetgate.ai\/tr\/cerez-politikasi\/\" \/>\n<meta property=\"og:locale\" content=\"tr_TR\" \/>\n<meta property=\"og:type\" content=\"article\" \/>\n<meta property=\"og:title\" content=\"Cookie Policy - Meetgate\" \/>\n<meta property=\"og:description\" content=\"This policy has been prepared to inform users who visit the https\/\/meetgate.ai website about our cookie usage principles. WHAT IS A COOKIE? [&hellip;]\" \/>\n<meta property=\"og:url\" content=\"https:\/\/meetgate.ai\/tr\/cerez-politikasi\/\" \/>\n<meta property=\"og:site_name\" content=\"Meetgate\" \/>\n<meta property=\"article:modified_time\" content=\"2024-05-06T20:49:45+00:00\" \/>\n<meta name=\"twitter:card\" content=\"summary_large_image\" \/>\n<meta name=\"twitter:label1\" content=\"Tahmini okuma s\u00fcresi\" \/>\n\t<meta name=\"twitter:data1\" content=\"2 dakika\" \/>\n<script type=\"application\/ld+json\" class=\"yoast-schema-graph\">{\"@context\":\"https:\/\/schema.org\",\"@graph\":[{\"@type\":\"WebPage\",\"@id\":\"https:\/\/meetgate.ai\/tr\/cerez-politikasi\/\",\"url\":\"https:\/\/meetgate.ai\/tr\/cerez-politikasi\/\",\"name\":\"Cookie Policy - Meetgate\",\"isPartOf\":{\"@id\":\"https:\/\/meetgate.ai\/#website\"},\"datePublished\":\"2024-05-06T20:34:59+00:00\",\"dateModified\":\"2024-05-06T20:49:45+00:00\",\"breadcrumb\":{\"@id\":\"https:\/\/meetgate.ai\/tr\/cerez-politikasi\/#breadcrumb\"},\"inLanguage\":\"tr\",\"potentialAction\":[{\"@type\":\"ReadAction\",\"target\":[\"https:\/\/meetgate.ai\/tr\/cerez-politikasi\/\"]}]},{\"@type\":\"BreadcrumbList\",\"@id\":\"https:\/\/meetgate.ai\/tr\/cerez-politikasi\/#breadcrumb\",\"itemListElement\":[{\"@type\":\"ListItem\",\"position\":1,\"name\":\"Anasayfa\",\"item\":\"https:\/\/meetgate.ai\/\"},{\"@type\":\"ListItem\",\"position\":2,\"name\":\"Cookie Policy\"}]},{\"@type\":\"WebSite\",\"@id\":\"https:\/\/meetgate.ai\/#website\",\"url\":\"https:\/\/meetgate.ai\/\",\"name\":\"Meetgate AI\",\"description\":\"Find the Best Fast!\",\"publisher\":{\"@id\":\"https:\/\/meetgate.ai\/#organization\"},\"potentialAction\":[{\"@type\":\"SearchAction\",\"target\":{\"@type\":\"EntryPoint\",\"urlTemplate\":\"https:\/\/meetgate.ai\/?s={search_term_string}\"},\"query-input\":{\"@type\":\"PropertyValueSpecification\",\"valueRequired\":true,\"valueName\":\"search_term_string\"}}],\"inLanguage\":\"tr\"},{\"@type\":\"Organization\",\"@id\":\"https:\/\/meetgate.ai\/#organization\",\"name\":\"Meetgate AI\",\"url\":\"https:\/\/meetgate.ai\/\",\"logo\":{\"@type\":\"ImageObject\",\"inLanguage\":\"tr\",\"@id\":\"https:\/\/meetgate.ai\/#\/schema\/logo\/image\/\",\"url\":\"http:\/\/meetgate.ai\/wp-content\/uploads\/2024\/03\/logo.png\",\"contentUrl\":\"http:\/\/meetgate.ai\/wp-content\/uploads\/2024\/03\/logo.png\",\"width\":1399,\"height\":313,\"caption\":\"Meetgate AI\"},\"image\":{\"@id\":\"https:\/\/meetgate.ai\/#\/schema\/logo\/image\/\"},\"sameAs\":[\"https:\/\/www.instagram.com\/meetgate.ai\",\"https:\/\/linkedin.com\/company\/meetgateai\/\"]}]}<\/script>\n<!-- \/ Yoast SEO plugin. -->","yoast_head_json":{"title":"Cookie Policy - Meetgate","robots":{"index":"index","follow":"follow","max-snippet":"max-snippet:-1","max-image-preview":"max-image-preview:large","max-video-preview":"max-video-preview:-1"},"canonical":"https:\/\/meetgate.ai\/tr\/cerez-politikasi\/","og_locale":"tr_TR","og_type":"article","og_title":"Cookie Policy - Meetgate","og_description":"This policy has been prepared to inform users who visit the https\/\/meetgate.ai website about our cookie usage principles. WHAT IS A COOKIE? [&hellip;]","og_url":"https:\/\/meetgate.ai\/tr\/cerez-politikasi\/","og_site_name":"Meetgate","article_modified_time":"2024-05-06T20:49:45+00:00","twitter_card":"summary_large_image","twitter_misc":{"Tahmini okuma s\u00fcresi":"2 dakika"},"schema":{"@context":"https:\/\/schema.org","@graph":[{"@type":"WebPage","@id":"https:\/\/meetgate.ai\/tr\/cerez-politikasi\/","url":"https:\/\/meetgate.ai\/tr\/cerez-politikasi\/","name":"Cookie Policy - Meetgate","isPartOf":{"@id":"https:\/\/meetgate.ai\/#website"},"datePublished":"2024-05-06T20:34:59+00:00","dateModified":"2024-05-06T20:49:45+00:00","breadcrumb":{"@id":"https:\/\/meetgate.ai\/tr\/cerez-politikasi\/#breadcrumb"},"inLanguage":"tr","potentialAction":[{"@type":"ReadAction","target":["https:\/\/meetgate.ai\/tr\/cerez-politikasi\/"]}]},{"@type":"BreadcrumbList","@id":"https:\/\/meetgate.ai\/tr\/cerez-politikasi\/#breadcrumb","itemListElement":[{"@type":"ListItem","position":1,"name":"Anasayfa","item":"https:\/\/meetgate.ai\/"},{"@type":"ListItem","position":2,"name":"Cookie Policy"}]},{"@type":"WebSite","@id":"https:\/\/meetgate.ai\/#website","url":"https:\/\/meetgate.ai\/","name":"Meetgate AI","description":"Find the Best Fast!","publisher":{"@id":"https:\/\/meetgate.ai\/#organization"},"potentialAction":[{"@type":"SearchAction","target":{"@type":"EntryPoint","urlTemplate":"https:\/\/meetgate.ai\/?s={search_term_string}"},"query-input":{"@type":"PropertyValueSpecification","valueRequired":true,"valueName":"search_term_string"}}],"inLanguage":"tr"},{"@type":"Organization","@id":"https:\/\/meetgate.ai\/#organization","name":"Meetgate AI","url":"https:\/\/meetgate.ai\/","logo":{"@type":"ImageObject","inLanguage":"tr","@id":"https:\/\/meetgate.ai\/#\/schema\/logo\/image\/","url":"http:\/\/meetgate.ai\/wp-content\/uploads\/2024\/03\/logo.png","contentUrl":"http:\/\/meetgate.ai\/wp-content\/uploads\/2024\/03\/logo.png","width":1399,"height":313,"caption":"Meetgate AI"},"image":{"@id":"https:\/\/meetgate.ai\/#\/schema\/logo\/image\/"},"sameAs":["https:\/\/www.instagram.com\/meetgate.ai","https:\/\/linkedin.com\/company\/meetgateai\/"]}]}},"_links":{"self":[{"href":"https:\/\/meetgate.ai\/tr\/wp-json\/wp\/v2\/pages\/654","targetHints":{"allow":["GET"]}}],"collection":[{"href":"https:\/\/meetgate.ai\/tr\/wp-json\/wp\/v2\/pages"}],"about":[{"href":"https:\/\/meetgate.ai\/tr\/wp-json\/wp\/v2\/types\/page"}],"author":[{"embeddable":true,"href":"https:\/\/meetgate.ai\/tr\/wp-json\/wp\/v2\/users\/2"}],"replies":[{"embeddable":true,"href":"https:\/\/meetgate.ai\/tr\/wp-json\/wp\/v2\/comments?post=654"}],"version-history":[{"count":3,"href":"https:\/\/meetgate.ai\/tr\/wp-json\/wp\/v2\/pages\/654\/revisions"}],"predecessor-version":[{"id":668,"href":"https:\/\/meetgate.ai\/tr\/wp-json\/wp\/v2\/pages\/654\/revisions\/668"}],"wp:attachment":[{"href":"https:\/\/meetgate.ai\/tr\/wp-json\/wp\/v2\/media?parent=654"}],"curies":[{"name":"wp","href":"https:\/\/api.w.org\/{rel}","templated":true}]}}